{"id":9,"date":"2021-07-13T02:13:20","date_gmt":"2021-07-13T02:13:20","guid":{"rendered":"https:\/\/www.potatochipprocessing.com\/?page_id=9"},"modified":"2021-07-19T10:09:33","modified_gmt":"2021-07-19T10:09:33","slug":"about","status":"publish","type":"page","link":"https:\/\/www.potatochipprocessing.com\/vi\/about\/","title":{"rendered":"Gi\u1edbi thi\u1ec7u"},"content":{"rendered":"<p class=\"wp-block-paragraph translation-block\"><strong>V\u1ecb tr\u00ed c\u1ee7a C\u00f4ng ty ch\u00fang t\u00f4i<\/strong><\/p>        <p class=\"wp-block-paragraph\">C\u00f4ng ty TNHH M\u00e1y m\u00f3c Zhengzhou Taizy l\u00e0 m\u1ed9t doanh nghi\u1ec7p n\u1ed5i ti\u1ebfng t\u00edch h\u1ee3p nghi\u00ean c\u1ee9u khoa h\u1ecdc, ph\u00e1t tri\u1ec3n, thi\u1ebft k\u1ebf, s\u1ea3n xu\u1ea5t v\u00e0 b\u00e1n h\u00e0ng. V\u00e0 n\u00f3 c\u00f3 c\u00f4ng ty Taizy Machinery. C\u00f4ng ty n\u1eb1m trong Khu ph\u00e1t tri\u1ec3n Kinh t\u1ebf v\u00e0 C\u00f4ng ngh\u1ec7 Zhengzhou, trung t\u00e2m th\u01b0\u01a1ng m\u1ea1i v\u00e0 kinh t\u1ebf, ch\u1ee7 y\u1ebfu ho\u1ea1t \u0111\u1ed9ng trong l\u0129nh v\u1ef1c nh\u1eadp kh\u1ea9u v\u00e0 xu\u1ea5t kh\u1ea9u thi\u1ebft b\u1ecb c\u01a1 kh\u00ed. T\u1ea1i \u0111\u00e2y c\u00f3 h\u01a1n 300 nh\u00e2n vi\u00ean, t\u1ea5t c\u1ea3 \u0111\u1ec1u h\u0103ng h\u00e1i l\u00e0m vi\u1ec7c nh\u01b0 trong m\u1ed9t gia \u0111\u00ecnh.<\/p>  <p class=\"translation-block\"><strong>C\u00e1c S\u1ea3n ph\u1ea9m Ch\u00ednh v\u00e0 Th\u1ecb tr\u01b0\u1eddng c\u1ee7a Ch\u00fang t\u00f4i<\/strong><\/p>        <p class=\"wp-block-paragraph\">C\u00e1c s\u1ea3n ph\u1ea9m ch\u00ednh c\u1ee7a ch\u00fang t\u00f4i bao g\u1ed3m m\u00e1y c\u1eaft khoai t\u00e2y, m\u00e1y th\u00e1i khoai t\u00e2y, m\u00e1y l\u00e0m s\u1ea1ch bong b\u00f3ng, m\u00e1y t\u00e1ch d\u1ea7u, m\u00e1y chi\u00ean, m\u00e1y chi\u00ean li\u00ean t\u1ee5c, m\u00e1y gia v\u1ecb khoai t\u00e2y l\u00e1t, m\u00e1y s\u1ea5y, m\u00e1y g\u1ecdt v\u1ecf v\u00e0 r\u1eeda b\u1eb1ng b\u00e0n ch\u1ea3i, v.v. Trong nh\u1eefng n\u0103m g\u1ea7n \u0111\u00e2y, c\u00e1c s\u1ea3n ph\u1ea9m c\u1ee7a ch\u00fang t\u00f4i \u0111\u00e3 r\u1ea5t ph\u1ed5 bi\u1ebfn \u1edf c\u00e1c th\u1ecb tr\u01b0\u1eddng ch\u00e2u Phi v\u00e0 \u0110\u00f4ng Nam \u00c1, nh\u01b0 Nigeria, Kenya, Nam Phi, Ghana, Congo, Ethiopia, Namibia, Morocco, Botswana, Zimbabwe, Uganda, Algeria, Cameroon.<\/p>        <p class=\"wp-block-paragraph translation-block\"><strong>Kh\u1ea3 n\u0103ng Nghi\u00ean c\u1ee9u v\u00e0 Ph\u00e1t tri\u1ec3n c\u1ee7a ch\u00fang t\u00f4i<\/strong><\/p>        <p class=\"wp-block-paragraph\">Ch\u00fang t\u00f4i lu\u00f4n tin t\u01b0\u1edfng v\u1eefng ch\u1eafc r\u1eb1ng c\u00f4ng ngh\u1ec7 l\u00e0 l\u1ef1c l\u01b0\u1ee3ng s\u1ea3n xu\u1ea5t ch\u00ednh. D\u1ef1a tr\u00ean \u00fd t\u01b0\u1edfng \u0111\u00f3, ch\u00fang t\u00f4i \u0111\u00e3 \u0111\u1ea7u t\u01b0 l\u1edbn v\u00e0o vi\u1ec7c tuy\u1ec3n d\u1ee5ng nhi\u1ec1u chuy\u00ean gia c\u01a1 kh\u00ed xu\u1ea5t s\u1eafc l\u00e0m c\u1ed1 v\u1ea5n c\u1ee7a m\u00ecnh, v\u00ec v\u1eady ch\u00fang t\u00f4i c\u00f3 kh\u1ea3 n\u0103ng nghi\u00ean c\u1ee9u v\u00e0 ph\u00e1t tri\u1ec3n s\u1ea3n ph\u1ea9m m\u1edbi c\u0169ng nh\u01b0 n\u00e2ng cao ch\u1ea5t l\u01b0\u1ee3ng m\u00e1y m\u00f3c truy\u1ec1n th\u1ed1ng.<\/p>        <p class=\"wp-block-paragraph translation-block\"><strong>Ch\u1ea5t l\u01b0\u1ee3ng v\u00e0 D\u1ecbch v\u1ee5 c\u1ee7a ch\u00fang t\u00f4i<\/strong><\/p>        <p class=\"wp-block-paragraph\">Ch\u00fang t\u00f4i lu\u00f4n h\u01b0\u1edbng t\u1edbi s\u1ef1 xu\u1ea5t s\u1eafc. Nh\u1edd c\u00f3 \u0111\u1ed9i ng\u0169 nh\u00e2n vi\u00ean \u0111\u01b0\u1ee3c \u0111\u00e0o t\u1ea1o b\u00e0i b\u1ea3n, h\u1ec7 th\u1ed1ng \u0111\u1ea3m b\u1ea3o ch\u1ea5t l\u01b0\u1ee3ng nghi\u00eam ng\u1eb7t, qu\u1ea3n l\u00fd t\u1ed1i \u01b0u to\u00e0n b\u1ed9 quy tr\u00ecnh s\u1ea3n xu\u1ea5t v\u00e0 h\u1ec7 th\u1ed1ng d\u1ecbch v\u1ee5 h\u1eadu m\u00e3i ho\u00e0n h\u1ea3o, c\u00e1c s\u1ea3n ph\u1ea9m v\u00e0 d\u1ecbch v\u1ee5 c\u1ee7a ch\u00fang t\u00f4i nh\u1eadn \u0111\u01b0\u1ee3c s\u1ef1 \u0111\u00e1nh gi\u00e1 cao t\u1eeb kh\u00e1ch h\u00e0ng trong v\u00e0 ngo\u00e0i n\u01b0\u1edbc. D\u1ef1a tr\u00ean nguy\u00ean t\u1eafc l\u1ea5y ch\u1ea5t l\u01b0\u1ee3ng l\u00e0m trung t\u00e2m, uy t\u00edn t\u1ed1t v\u00e0 kh\u00e1ch h\u00e0ng l\u00e0 tr\u00ean h\u1ebft, ch\u00fang t\u00f4i tin t\u01b0\u1edfng t\u1ea1o ra c\u00e1c s\u1ea3n ph\u1ea9m ch\u1ea5t l\u01b0\u1ee3ng cao trong ng\u00e0nh li\u00ean quan v\u00e0 \u0111\u1ea1t th\u00e0nh t\u00edch xu\u1ea5t s\u1eafc qua nhi\u1ec1u th\u1ebf h\u1ec7. Ch\u00fang t\u00f4i cam k\u1ebft cung c\u1ea5p c\u00e1c s\u1ea3n ph\u1ea9m ch\u1ea5t l\u01b0\u1ee3ng cao v\u00e0 d\u1ecbch v\u1ee5 h\u00e0i l\u00f2ng cho t\u1ea5t c\u1ea3 kh\u00e1ch h\u00e0ng, mong mu\u1ed1n h\u1ee3p t\u00e1c ch\u00e2n th\u00e0nh v\u1edbi h\u1ecd \u0111\u1ec3 h\u01b0\u1edbng t\u1edbi m\u1ed9t t\u01b0\u01a1ng lai t\u01b0\u01a1i s\u00e1ng. C\u00f4ng ty ch\u00fang t\u00f4i h\u01b0\u1edbng t\u1edbi \u0111\u1ed5i m\u1edbi trong th\u1ef1c ti\u1ec5n v\u00e0 cung c\u1ea5p m\u1ed9t \u0111\u1ea3m b\u1ea3o \u0111\u00e1ng tin c\u1eady t\u1eeb s\u1ea3n xu\u1ea5t \u0111\u1ebfn b\u00e1n h\u00e0ng. Tuy\u00ean ng\u00f4n v\u1ec1 ch\u1ea5t l\u01b0\u1ee3ng c\u1ee7a ch\u00fang t\u00f4i d\u1ef1a tr\u00ean m\u1ed9t t\u1eeb duy nh\u1ea5t \u2013 cam k\u1ebft \u2013 \u0111\u1ed1i v\u1edbi n\u00f4ng nghi\u1ec7p, n\u00f4ng d\u00e2n v\u00e0 ng\u01b0\u1eddi ti\u00eau d\u00f9ng s\u1ea3n ph\u1ea9m, \u0111i\u1ec1u m\u00e0 ch\u00fang t\u00f4i c\u1ed1 g\u1eafng th\u1ef1c hi\u1ec7n m\u1ed7i ng\u00e0y.<\/p>        <p class=\"wp-block-paragraph translation-block\"><strong>M\u1ee5c ti\u00eau c\u1ee7a ch\u00fang t\u00f4i t\u1ea1i Ch\u00e2u Phi<\/strong><\/p>        <p class=\"wp-block-paragraph\">K\u1ec3 t\u1eeb khi C\u1ed9ng h\u00f2a Nh\u00e2n d\u00e2n Trung Hoa \u0111\u01b0\u1ee3c th\u00e0nh l\u1eadp v\u00e0o n\u0103m 1949, \u0111\u1ea5t n\u01b0\u1edbc n\u00e0y lu\u00f4n ch\u00fa tr\u1ecdng \u0111\u1ebfn n\u00f4ng nghi\u1ec7p. Hi\u1ec7n nay, Trung Qu\u1ed1c \u0111\u00e3 tr\u1edf th\u00e0nh m\u1ed9t trong nh\u1eefng qu\u1ed1c gia n\u00f4ng nghi\u1ec7p l\u1edbn nh\u1ea5t th\u1ebf gi\u1edbi. Ch\u00ednh ph\u1ee7 Trung Qu\u1ed1c k\u00eau g\u1ecdi c\u00e1c doanh nghi\u1ec7p Trung Qu\u1ed1c h\u1ed7 tr\u1ee3 v\u00e0 gi\u00fap \u0111\u1ee1 ph\u00e1t tri\u1ec3n ch\u00e2u Phi trong nh\u1eefng n\u0103m g\u1ea7n \u0111\u00e2y. L\u00e0 m\u1ed9t trong nh\u1eefng nh\u00e0 cung c\u1ea5p n\u00f4ng nghi\u1ec7p chuy\u00ean nghi\u1ec7p nh\u1ea5t c\u1ee7a Trung Qu\u1ed1c, c\u00f4ng ty ch\u00fang t\u00f4i \u0111\u00e3 c\u00f3 nhi\u1ec1u kinh nghi\u1ec7m v\u1ec1 m\u00e1y m\u00f3c n\u00f4ng nghi\u1ec7p v\u00e0 n\u1eafm v\u1eefng c\u00f4ng ngh\u1ec7 ti\u00ean ti\u1ebfn trong su\u1ed1t 70 n\u0103m ph\u00e1t tri\u1ec3n. Ch\u00fang t\u00f4i ph\u1ea3n h\u1ed3i t\u00edch c\u1ef1c ch\u00ednh s\u00e1ch c\u1ee7a ch\u00ednh ph\u1ee7 v\u00e0 tham gia c\u00e1c tri\u1ec3n l\u00e3m, kh\u1ea3o s\u00e1t th\u1ecb tr\u01b0\u1eddng ch\u00e2u Phi v\u00e0 cung c\u1ea5p c\u00e1c m\u00e1y m\u00f3c n\u00f4ng nghi\u1ec7p c\u1ee7a ch\u00fang t\u00f4i v\u1edbi gi\u00e1 c\u1ea3 ph\u1ea3i ch\u0103ng v\u00e0 ch\u1ea5t l\u01b0\u1ee3ng cao. Ch\u00fang t\u00f4i s\u1ebd gi\u1eef v\u1eefng kh\u00e1t v\u1ecdng ban \u0111\u1ea7u c\u1ee7a m\u00ecnh l\u00e0 gi\u00fap n\u00f4ng d\u00e2n thu ho\u1ea1ch nhi\u1ec1u l\u01b0\u01a1ng th\u1ef1c h\u01a1n v\u00e0 gi\u1ea3i quy\u1ebft c\u00e1c v\u1ea5n \u0111\u1ec1 v\u1ec1 Th\u1ef1c ph\u1ea9m v\u00e0 N\u00f4ng nghi\u1ec7p. Ch\u00fang t\u00f4i y\u00eau th\u1ebf gi\u1edbi v\u00e0 h\u00f2a b\u00ecnh, h\u01b0\u1edbng t\u1edbi s\u1ef1 \u0111o\u00e0n k\u1ebft trong n\u1ed7 l\u1ef1c chung v\u1edbi c\u00e1c b\u1ea1n ch\u00e2u Phi \u0111\u1ec3 t\u1ea1o ra m\u1ed9t cu\u1ed9c s\u1ed1ng t\u01b0\u01a1i \u0111\u1eb9p.<\/p>","protected":false},"excerpt":{"rendered":"<p>Our Company Location Zhengzhou Taizy Machinery Co., Ltd is a well-known enterprise that integrates scientific research, development, design, manufacturing, and sales as a whole. And it has taizy Machinery company. It is located in Zhengzhou Economic and Technological Development Zone, which is a commercial and economic center, mainly engaging in the import and export of [&hellip;]<\/p>\n","protected":false},"author":1,"featured_media":0,"parent":0,"menu_order":0,"comment_status":"closed","ping_status":"closed","template":"","meta":{"_crdt_document":"","footnotes":""},"class_list":["post-9","page","type-page","status-publish","hentry"],"_links":{"self":[{"href":"https:\/\/www.potatochipprocessing.com\/vi\/wp-json\/wp\/v2\/pages\/9","targetHints":{"allow":["GET"]}}],"collection":[{"href":"https:\/\/www.potatochipprocessing.com\/vi\/wp-json\/wp\/v2\/pages"}],"about":[{"href":"https:\/\/www.potatochipprocessing.com\/vi\/wp-json\/wp\/v2\/types\/page"}],"author":[{"embeddable":true,"href":"https:\/\/www.potatochipprocessing.com\/vi\/wp-json\/wp\/v2\/users\/1"}],"replies":[{"embeddable":true,"href":"https:\/\/www.potatochipprocessing.com\/vi\/wp-json\/wp\/v2\/comments?post=9"}],"version-history":[{"count":0,"href":"https:\/\/www.potatochipprocessing.com\/vi\/wp-json\/wp\/v2\/pages\/9\/revisions"}],"wp:attachment":[{"href":"https:\/\/www.potatochipprocessing.com\/vi\/wp-json\/wp\/v2\/media?parent=9"}],"curies":[{"name":"wp","href":"https:\/\/api.w.org\/{rel}","templated":true}]}}