{"id":11,"date":"2021-07-13T02:13:33","date_gmt":"2021-07-13T02:13:33","guid":{"rendered":"https:\/\/www.potatochipprocessing.com\/?page_id=11"},"modified":"2025-11-05T11:40:06","modified_gmt":"2025-11-05T03:40:06","slug":"contact","status":"publish","type":"page","link":"https:\/\/www.potatochipprocessing.com\/vi\/contact\/","title":{"rendered":"Li\u00ean h\u1ec7"},"content":{"rendered":"<figure class=\"wp-block-image\"><img loading=\"lazy\" decoding=\"async\" width=\"793\" height=\"442\" src=\"http:\/\/www.potatochipprocessing.com\/wp-content\/uploads\/2018\/08\/timg.jpg\" alt=\"Li\u00ean h\u1ec7 v\u1edbi ch\u00fang t\u00f4i\" class=\"wp-image-169\" title=\"\" srcset=\"https:\/\/www.potatochipprocessing.com\/wp-content\/uploads\/2018\/08\/timg.jpg 793w, https:\/\/www.potatochipprocessing.com\/wp-content\/uploads\/2018\/08\/timg-300x167.jpg 300w, https:\/\/www.potatochipprocessing.com\/wp-content\/uploads\/2018\/08\/timg-768x428.jpg 768w\" sizes=\"auto, (max-width: 793px) 100vw, 793px\" \/><\/figure>    <p class=\"wp-block-paragraph translation-block\"><strong>C\u00f4ng ty TNHH M\u00e1y m\u00f3c Zhengzhou Taizy<\/strong><\/p>    <p class=\"wp-block-paragraph translation-block\">Email:<em>&nbsp;info@potatochipprocessing.com<\/em><\/p>    <p class=\"wp-block-paragraph\">\u0110\u1ecba ch\u1ec9: \u0110\u01b0\u1eddng Nautical \u0110\u00f4ng, Khu Ph\u00e1t tri\u1ec3n Kinh t\u1ebf Zhengzhou, H\u00e0 Nam, Trung Qu\u1ed1c<\/p>    <p class=\"wp-block-paragraph\">\u0110i\u1ec7n tho\u1ea1i:  86 17703863868<\/p>","protected":false},"excerpt":{"rendered":"<p>Zhengzhou&nbsp;Taizy Machinery&nbsp;Co., Ltd Email:&nbsp;info@potatochipprocessing.com Address: Nautical Road East, Zhengzhou Economic Development Zone, Henan, China Tel: +86 17703863868<\/p>","protected":false},"author":1,"featured_media":0,"parent":0,"menu_order":0,"comment_status":"closed","ping_status":"closed","template":"","meta":{"_crdt_document":"","footnotes":""},"class_list":["post-11","page","type-page","status-publish","hentry"],"_links":{"self":[{"href":"https:\/\/www.potatochipprocessing.com\/vi\/wp-json\/wp\/v2\/pages\/11","targetHints":{"allow":["GET"]}}],"collection":[{"href":"https:\/\/www.potatochipprocessing.com\/vi\/wp-json\/wp\/v2\/pages"}],"about":[{"href":"https:\/\/www.potatochipprocessing.com\/vi\/wp-json\/wp\/v2\/types\/page"}],"author":[{"embeddable":true,"href":"https:\/\/www.potatochipprocessing.com\/vi\/wp-json\/wp\/v2\/users\/1"}],"replies":[{"embeddable":true,"href":"https:\/\/www.potatochipprocessing.com\/vi\/wp-json\/wp\/v2\/comments?post=11"}],"version-history":[{"count":0,"href":"https:\/\/www.potatochipprocessing.com\/vi\/wp-json\/wp\/v2\/pages\/11\/revisions"}],"wp:attachment":[{"href":"https:\/\/www.potatochipprocessing.com\/vi\/wp-json\/wp\/v2\/media?parent=11"}],"curies":[{"name":"wp","href":"https:\/\/api.w.org\/{rel}","templated":true}]}}