{"id":9,"date":"2021-07-13T02:13:20","date_gmt":"2021-07-13T02:13:20","guid":{"rendered":"https:\/\/www.potatochipprocessing.com\/?page_id=9"},"modified":"2021-07-19T10:09:33","modified_gmt":"2021-07-19T10:09:33","slug":"about","status":"publish","type":"page","link":"https:\/\/www.potatochipprocessing.com\/tr\/about\/","title":{"rendered":"Hakk\u0131nda"},"content":{"rendered":"<p class=\"wp-block-paragraph translation-block\"><strong>\u015eirketimizin Konumu<\/strong><\/p>        <p class=\"wp-block-paragraph\">Zhengzhou Taizy Machinery Co., Ltd, bilimsel ara\u015ft\u0131rma, geli\u015ftirme, tasar\u0131m, \u00fcretim ve sat\u0131\u015flar\u0131 bir b\u00fct\u00fcn olarak entegre eden tan\u0131nm\u0131\u015f bir kurulu\u015ftur. Ve taizy Machinery \u015firketi var. Ticari ve ekonomik bir merkez olan Zhengzhou Ekonomik ve Teknolojik Kalk\u0131nma B\u00f6lgesi'nde yer almakta olup a\u011f\u0131rl\u0131kl\u0131 olarak mekanik ekipmanlar\u0131n ithalat\u0131 ve ihracat\u0131yla u\u011fra\u015fmaktad\u0131r. \u0130\u015fte hepsi aile olarak \u00e7al\u0131\u015fman\u0131n mutlulu\u011fuyla motive olmu\u015f 300'den fazla \u00e7al\u0131\u015fan\u0131m\u0131zla g\u00fc\u00e7leniyoruz.<\/p>  <p class=\"translation-block\"><strong>Ana \u00dcr\u00fcnlerimiz ve Pazar\u0131m\u0131z<\/strong><\/p>        <p class=\"wp-block-paragraph\">Ba\u015fl\u0131ca \u00fcr\u00fcnlerimiz aras\u0131nda Patates kesme makinesi, Patates Dilimleme Makinesi, Kabarc\u0131k temizleme makinesi, Ya\u011f Alma Makinesi, K\u0131zartma makinesi, S\u00fcrekli frit\u00f6z makinesi, Tamburlu Patates Cipsi Baharat Makinesi, Kurutucu, F\u0131r\u00e7a soyma ve \u00e7ama\u015f\u0131r makinesi vb. yer almaktad\u0131r. Son y\u0131llarda \u00fcr\u00fcnlerimiz be\u011fenildi Nijerya, Kenya, G\u00fcney Afrika, Gana, Kongo, Etiyopya, Namibya, Fas, Botsvana, Zimbabve, Uganda, Cezayir, Kamerun gibi Afrika ve G\u00fcneydo\u011fu Asya pazarlar\u0131nda b\u00fcy\u00fck pop\u00fclerlik.<\/p>        <p class=\"wp-block-paragraph translation-block\"><strong>Ar-Ge Yetene\u011fimiz<\/strong><\/p>        <p class=\"wp-block-paragraph\">Teknolojinin birincil \u00fcretken g\u00fc\u00e7 oldu\u011funa her zaman inan\u0131yoruz. B\u00f6yle bir konseptin rehberli\u011finde, dan\u0131\u015fmanlar\u0131m\u0131z olarak \u00e7ok say\u0131da se\u00e7kin mekanik uzman\u0131 i\u015fe almak i\u00e7in b\u00fcy\u00fck yat\u0131r\u0131mlar yapt\u0131k, dolay\u0131s\u0131yla yeni \u00fcr\u00fcnler ara\u015ft\u0131rma ve geli\u015ftirme ve geleneksel makinelerin kalitesini art\u0131rma konusunda m\u00fckemmel bir yetene\u011fe sahibiz.<\/p>        <p class=\"wp-block-paragraph translation-block\"><strong>Kalite Kontrol\u00fcm\u00fcz ve Hizmetimiz<\/strong><\/p>        <p class=\"wp-block-paragraph\">Her zaman m\u00fckemmellik i\u00e7in \u00e7abal\u0131yoruz. \u0130yi e\u011fitimli i\u015f g\u00fcc\u00fc, s\u0131k\u0131 kalite g\u00fcvence sistemi, t\u00fcm \u00fcretim s\u00fcrecinin optimize edilmi\u015f y\u00f6netimi ve m\u00fckemmel sat\u0131\u015f sonras\u0131 hizmet sistemleri sayesinde \u00fcr\u00fcnlerimiz ve hizmetlerimiz yurt i\u00e7i ve yurt d\u0131\u015f\u0131 m\u00fc\u015fterilerimiz taraf\u0131ndan b\u00fcy\u00fck be\u011feni toplamaktad\u0131r. Kalite odakl\u0131, iyi itibar ve \u00f6nce m\u00fc\u015fteri ilkesine dayanarak, ilgili end\u00fcstriler aras\u0131nda y\u00fcksek kaliteli \u00fcr\u00fcnler yaratma ve y\u00fczy\u0131llar boyunca m\u00fckemmel bir performans g\u00f6sterme inanc\u0131na sahibiz. T\u00fcm m\u00fc\u015fterilerimize \u00fcst\u00fcn kaliteli \u00fcr\u00fcnler ve tatmin edici hizmet sunmaya b\u00fcy\u00fck \u00f6nem veriyoruz ve parlak bir gelecek i\u00e7in onlarla samimi i\u015fbirli\u011fini d\u00f6rt g\u00f6zle bekliyoruz. Firmam\u0131z uygulamada yenilik yapmay\u0131 ve \u00fcretimden sat\u0131\u015fa kadar g\u00fcvenilir bir garanti sunmay\u0131 ama\u00e7lamaktad\u0131r. Kalite beyan\u0131m\u0131z, her g\u00fcn yerine getirmeye \u00e7al\u0131\u015ft\u0131\u011f\u0131m\u0131z tar\u0131ma, \u00e7ift\u00e7ilere ve \u00fcr\u00fcn t\u00fcketicilerine y\u00f6nelik tek bir kelimeye, yani ba\u011fl\u0131l\u0131ktan ibarettir.<\/p>        <p class=\"wp-block-paragraph translation-block\"><strong>Afrika \u0130\u00e7in Hedeflerimiz<\/strong><\/p>        <p class=\"wp-block-paragraph\">\u00c7in Halk Cumhuriyeti kuruldu\u011fu 1949 y\u0131l\u0131ndan bu yana tar\u0131ma her zaman b\u00fcy\u00fck \u00f6nem vermi\u015ftir. G\u00fcn\u00fcm\u00fczde \u00c7in d\u00fcnyan\u0131n en b\u00fcy\u00fck tar\u0131m \u00fclkelerinden biri haline gelmi\u015ftir. \u00c7in h\u00fck\u00fcmeti, \u00c7in \u015firketlerini son y\u0131llarda Afrika'n\u0131n kalk\u0131nmas\u0131na yard\u0131m etmeye ve desteklemeye \u00e7a\u011f\u0131r\u0131yor. \u00c7in'deki en profesyonel tar\u0131m tedarik\u00e7ilerinden biri olan firmam\u0131z, 70 y\u0131ld\u0131r tar\u0131msal makineler konusunda \u00e7ok fazla deneyime sahiptir ve geli\u015ftirme s\u0131ras\u0131nda ileri teknoloji konusunda uzmand\u0131r. Biz de h\u00fck\u00fcmetin politikas\u0131na olumlu yan\u0131t vererek fuarda yer al\u0131yoruz, Afrika pazar\u0131n\u0131 ara\u015ft\u0131r\u0131yor, tar\u0131m makinelerimizi d\u00fc\u015f\u00fck fiyat ve y\u00fcksek kaliteyle sa\u011fl\u0131yoruz. \u00c7ift\u00e7ilerin daha fazla tah\u0131l hasat etmesine ve G\u0131da ve Tar\u0131m sorununu \u00e7\u00f6zmesine yard\u0131mc\u0131 olmak ilk iste\u011fimiz olmaya devam edecek. D\u00fcnyay\u0131 ve bar\u0131\u015f\u0131 seviyoruz ve Afrikal\u0131 dostlar\u0131m\u0131zla ortak bir \u00e7aba i\u00e7inde g\u00fczel bir ya\u015fam yaratmay\u0131 hedefliyoruz.<\/p>","protected":false},"excerpt":{"rendered":"<p>Our Company Location Zhengzhou Taizy Machinery Co., Ltd is a well-known enterprise that integrates scientific research, development, design, manufacturing, and sales as a whole. And it has taizy Machinery company. It is located in Zhengzhou Economic and Technological Development Zone, which is a commercial and economic center, mainly engaging in the import and export of [&hellip;]<\/p>\n","protected":false},"author":1,"featured_media":0,"parent":0,"menu_order":0,"comment_status":"closed","ping_status":"closed","template":"","meta":{"_crdt_document":"","footnotes":""},"class_list":["post-9","page","type-page","status-publish","hentry"],"_links":{"self":[{"href":"https:\/\/www.potatochipprocessing.com\/tr\/wp-json\/wp\/v2\/pages\/9","targetHints":{"allow":["GET"]}}],"collection":[{"href":"https:\/\/www.potatochipprocessing.com\/tr\/wp-json\/wp\/v2\/pages"}],"about":[{"href":"https:\/\/www.potatochipprocessing.com\/tr\/wp-json\/wp\/v2\/types\/page"}],"author":[{"embeddable":true,"href":"https:\/\/www.potatochipprocessing.com\/tr\/wp-json\/wp\/v2\/users\/1"}],"replies":[{"embeddable":true,"href":"https:\/\/www.potatochipprocessing.com\/tr\/wp-json\/wp\/v2\/comments?post=9"}],"version-history":[{"count":0,"href":"https:\/\/www.potatochipprocessing.com\/tr\/wp-json\/wp\/v2\/pages\/9\/revisions"}],"wp:attachment":[{"href":"https:\/\/www.potatochipprocessing.com\/tr\/wp-json\/wp\/v2\/media?parent=9"}],"curies":[{"name":"wp","href":"https:\/\/api.w.org\/{rel}","templated":true}]}}