{"id":9,"date":"2021-07-13T02:13:20","date_gmt":"2021-07-13T02:13:20","guid":{"rendered":"https:\/\/www.potatochipprocessing.com\/?page_id=9"},"modified":"2021-07-19T10:09:33","modified_gmt":"2021-07-19T10:09:33","slug":"about","status":"publish","type":"page","link":"https:\/\/www.potatochipprocessing.com\/pt\/about\/","title":{"rendered":"Sobre"},"content":{"rendered":"<p class=\"wp-block-paragraph translation-block\"><strong>Localiza\u00e7\u00e3o da Nossa Empresa<\/strong><\/p>        <p class=\"wp-block-paragraph\">Zhengzhou Taizy Machinery Co., Ltd \u00e9 uma empresa bem conhecida que integra pesquisa cient\u00edfica, desenvolvimento, design, fabrica\u00e7\u00e3o e vendas como um todo. E tem a empresa taizy Machinery. Est\u00e1 localizada na Zona de Desenvolvimento Econ\u00f4mico e Tecnol\u00f3gico de Zhengzhou, que \u00e9 um centro comercial e econ\u00f4mico, atuando principalmente na importa\u00e7\u00e3o e exporta\u00e7\u00e3o de equipamentos mec\u00e2nicos. Aqui conta com mais de 300 colaboradores todos motivados pela alegria de trabalhar em fam\u00edlia.<\/p>  <p class=\"translation-block\"><strong>Nossos Principais Produtos e Mercado<\/strong><\/p>        <p class=\"wp-block-paragraph\">Nossos principais produtos incluem m\u00e1quina de corte de batata, m\u00e1quina de fatiar batata, m\u00e1quina de limpeza de bolhas, m\u00e1quina de desengorduramento, m\u00e1quina de fritar, m\u00e1quina de fritadeira cont\u00ednua, m\u00e1quina de tempero de batatas fritas de tambor, desidratador, descascador de escova e m\u00e1quina de lavar, etc. grande popularidade nos mercados da \u00c1frica e do Sudeste Asi\u00e1tico, como Nig\u00e9ria, Qu\u00eania, \u00c1frica do Sul, Gana, Congo, Eti\u00f3pia, Nam\u00edbia, Marrocos, Botswana, Zimb\u00e1bue, Uganda, Arg\u00e9lia, Camar\u00f5es.<\/p>        <p class=\"wp-block-paragraph translation-block\"><strong>Nossa Capacidade de P&amp;D<\/strong><\/p>        <p class=\"wp-block-paragraph\">Sempre acreditamos firmemente que a tecnologia \u00e9 uma for\u00e7a produtiva prim\u00e1ria. Guiados por tal conceito, investimos muito na contrata\u00e7\u00e3o de muitos especialistas mec\u00e2nicos de destaque como nossos consultores, por isso temos uma excelente capacidade de pesquisar e desenvolver novos produtos e melhorar a qualidade das m\u00e1quinas tradicionais.<\/p>        <p class=\"wp-block-paragraph translation-block\"><strong>Nossa QC e Servi\u00e7o<\/strong><\/p>        <p class=\"wp-block-paragraph\">Buscamos sempre a excel\u00eancia. Gra\u00e7as a uma for\u00e7a de trabalho bem treinada, sistema de garantia de qualidade rigoroso, gest\u00e3o otimizada de todo o processo de produ\u00e7\u00e3o e sistemas de servi\u00e7o p\u00f3s-venda perfeitos, nossos produtos e servi\u00e7os s\u00e3o altamente elogiados por clientes nacionais e estrangeiros. Com base no princ\u00edpio de orienta\u00e7\u00e3o para a qualidade, boa reputa\u00e7\u00e3o e cliente em primeiro lugar, mantemos f\u00e9 para criar produtos de alta qualidade entre as ind\u00fastrias relevantes e obter um \u00f3timo desempenho por muito tempo. Estamos muito dedicados a fornecer produtos de qualidade premium e servi\u00e7os satisfat\u00f3rios a todos os clientes e esperamos uma coopera\u00e7\u00e3o sincera com eles para um futuro brilhante. Nossa empresa pretende inovar na pr\u00e1tica e fornecer uma garantia confi\u00e1vel desde a produ\u00e7\u00e3o at\u00e9 a venda. A nossa declara\u00e7\u00e3o de qualidade resume-se a uma \u00fanica palavra \u2013 compromisso \u2013 com a agricultura, os agricultores e os consumidores dos produtos, que nos esfor\u00e7amos por cumprir todos os dias.<\/p>        <p class=\"wp-block-paragraph translation-block\"><strong>Nossos Objetivos para a \u00c1frica<\/strong><\/p>        <p class=\"wp-block-paragraph\">Desde que a Rep\u00fablica Popular da China foi constru\u00edda em 1949, tem sempre prestado muita aten\u00e7\u00e3o \u00e0 agricultura. Hoje em dia a China \u00e9 um dos maiores pa\u00edses agr\u00edcolas do mundo. O governo chin\u00eas apela \u00e0s empresas chinesas para ajudarem e apoiarem o desenvolvimento africano nos \u00faltimos anos. Como um dos fornecedores agr\u00edcolas mais profissionais da China, nossa empresa tem muita experi\u00eancia em m\u00e1quinas agr\u00edcolas e domina tecnologia avan\u00e7ada durante o desenvolvimento h\u00e1 70 anos. Respondemos positivamente \u00e0 pol\u00edtica do governo e participamos na exposi\u00e7\u00e3o, investigando o mercado africano e fornecendo \u00e0s nossas m\u00e1quinas agr\u00edcolas pre\u00e7os baixos e alta qualidade. Continuaremos a ser a nossa primeira aspira\u00e7\u00e3o para ajudar os agricultores a colher mais cereais e a resolver o problema da Alimenta\u00e7\u00e3o e da Agricultura. Amamos o mundo e a paz e pretendemos unir-nos num esfor\u00e7o concertado com amigos africanos para criar uma vida bela.<\/p>","protected":false},"excerpt":{"rendered":"<p>Our Company Location Zhengzhou Taizy Machinery Co., Ltd is a well-known enterprise that integrates scientific research, development, design, manufacturing, and sales as a whole. And it has taizy Machinery company. It is located in Zhengzhou Economic and Technological Development Zone, which is a commercial and economic center, mainly engaging in the import and export of [&hellip;]<\/p>\n","protected":false},"author":1,"featured_media":0,"parent":0,"menu_order":0,"comment_status":"closed","ping_status":"closed","template":"","meta":{"_crdt_document":"","footnotes":""},"class_list":["post-9","page","type-page","status-publish","hentry"],"_links":{"self":[{"href":"https:\/\/www.potatochipprocessing.com\/pt\/wp-json\/wp\/v2\/pages\/9","targetHints":{"allow":["GET"]}}],"collection":[{"href":"https:\/\/www.potatochipprocessing.com\/pt\/wp-json\/wp\/v2\/pages"}],"about":[{"href":"https:\/\/www.potatochipprocessing.com\/pt\/wp-json\/wp\/v2\/types\/page"}],"author":[{"embeddable":true,"href":"https:\/\/www.potatochipprocessing.com\/pt\/wp-json\/wp\/v2\/users\/1"}],"replies":[{"embeddable":true,"href":"https:\/\/www.potatochipprocessing.com\/pt\/wp-json\/wp\/v2\/comments?post=9"}],"version-history":[{"count":0,"href":"https:\/\/www.potatochipprocessing.com\/pt\/wp-json\/wp\/v2\/pages\/9\/revisions"}],"wp:attachment":[{"href":"https:\/\/www.potatochipprocessing.com\/pt\/wp-json\/wp\/v2\/media?parent=9"}],"curies":[{"name":"wp","href":"https:\/\/api.w.org\/{rel}","templated":true}]}}