{"id":9,"date":"2021-07-13T02:13:20","date_gmt":"2021-07-13T02:13:20","guid":{"rendered":"https:\/\/www.potatochipprocessing.com\/?page_id=9"},"modified":"2021-07-19T10:09:33","modified_gmt":"2021-07-19T10:09:33","slug":"about","status":"publish","type":"page","link":"https:\/\/www.potatochipprocessing.com\/pl\/about\/","title":{"rendered":"O"},"content":{"rendered":"<p class=\"wp-block-paragraph translation-block\"><strong>Lokalizacja naszej firmy<\/strong><\/p>        <p class=\"wp-block-paragraph\">Zhengzhou Taizy Machinery Co., Ltd jest znanym przedsi\u0119biorstwem, kt\u00f3re \u0142\u0105czy badania naukowe, rozw\u00f3j, projektowanie, produkcj\u0119 i sprzeda\u017c jako ca\u0142o\u015b\u0107. I ma firm\u0119 Taizy Machinery. Znajduje si\u0119 w Zhengzhou Economic and Technological Development Zone, kt\u00f3ra jest centrum handlowym i gospodarczym, g\u0142\u00f3wnie zajmuj\u0105cym si\u0119 importem i eksportem maszyn mechanicznych. Firma ta zatrudnia ponad 300 pracownik\u00f3w, wszystkich zmotywowanych rado\u015bci\u0105 pracy jak w rodzinie.<\/p>  <p class=\"translation-block\"><strong>Nasze g\u0142\u00f3wne produkty i rynek<\/strong><\/p>        <p class=\"wp-block-paragraph\">Nasze g\u0142\u00f3wne produkty to maszyna do krojenia ziemniak\u00f3w, maszyna do krojenia ziemniak\u00f3w, maszyna do czyszczenia b\u0105belkowego, maszyna do odolejania, maszyna do sma\u017cenia, ci\u0105g\u0142a maszyna do sma\u017cenia, maszyna do przyprawiania chips\u00f3w ziemniaczanych w b\u0119bnie, suszarka, szczotkowa maszyna do obierania i mycia, itp. W ostatnich latach nasze produkty ciesz\u0105 si\u0119 du\u017c\u0105 popularno\u015bci\u0105 na rynkach Afryki i Azji Po\u0142udniowo-Wschodniej, takich jak Nigeria, Kenia, RPA, Ghana, Kongo, Etiopia, Namibia, Maroko, Botswana, Zimbabwe, Uganda, Algieria, Kamerun.<\/p>        <p class=\"wp-block-paragraph translation-block\"><strong>Nasza zdolno\u015b\u0107 badawczo-rozwojowa<\/strong><\/p>        <p class=\"wp-block-paragraph\">Zawsze mocno wierzymy, \u017ce technologia jest g\u0142\u00f3wn\u0105 si\u0142\u0105 produkcyjn\u0105. Kieruj\u0105c si\u0119 tak\u0105 koncepcj\u0105, zainwestowali\u015bmy znaczne \u015brodki w zatrudnienie wielu wybitnych ekspert\u00f3w mechanicznych jako naszych konsultant\u00f3w, dzi\u0119ki czemu mamy doskona\u0142e mo\u017cliwo\u015bci badania i rozwoju nowych produkt\u00f3w oraz poprawy jako\u015bci tradycyjnych maszyn.<\/p>        <p class=\"wp-block-paragraph translation-block\"><strong>Nasza kontrola jako\u015bci i obs\u0142uga<\/strong><\/p>        <p class=\"wp-block-paragraph\">Zawsze d\u0105\u017cymy do doskona\u0142o\u015bci. Dzi\u0119ki dobrze wykwalifikowanej si\u0142om roboczym, \u015bcis\u0142emu systemowi zapewnienia jako\u015bci, zoptymalizowanemu zarz\u0105dzaniu ca\u0142ym procesem produkcyjnym oraz doskona\u0142ym systemom obs\u0142ugi posprzeda\u017cowej, nasze produkty i us\u0142ugi s\u0105 wysoko oceniane przez klient\u00f3w krajowych i zagranicznych. Opieraj\u0105c si\u0119 na zasadzie jako\u015bci, dobrej reputacji i pierwsze\u0144stwa klienta, wierzymy w tworzenie wysokiej jako\u015bci produkt\u00f3w w bran\u017cach pokrewnych i osi\u0105ganie wieloletnich sukces\u00f3w. Jeste\u015bmy g\u0142\u0119boko zaanga\u017cowani w dostarczanie produkt\u00f3w najwy\u017cszej jako\u015bci i satysfakcjonuj\u0105cej obs\u0142ugi wszystkim klientom i oczekujemy szczerej wsp\u00f3\u0142pracy na przysz\u0142o\u015b\u0107. Nasza firma d\u0105\u017cy do innowacji w praktyce i zapewnia niezawodn\u0105 gwarancj\u0119 od produkcji do sprzeda\u017cy. Nasze zobowi\u0105zanie do jako\u015bci sprowadza si\u0119 do jednego s\u0142owa \u2013 zaanga\u017cowania \u2013 w rolnictwo, rolnik\u00f3w i konsument\u00f3w produkt\u00f3w, kt\u00f3re staramy si\u0119 realizowa\u0107 ka\u017cdego dnia.<\/p>        <p class=\"wp-block-paragraph translation-block\"><strong>Nasze cele dla Afryki<\/strong><\/p>        <p class=\"wp-block-paragraph\">Od czasu utworzenia Chi\u0144skiej Republiki Ludowej w 1949 roku, kraj ten zawsze przyk\u0142ada du\u017c\u0105 wag\u0119 do rolnictwa. Obecnie Chiny s\u0105 jednym z najwi\u0119kszych kraj\u00f3w rolniczych na \u015bwiecie. Chi\u0144ski rz\u0105d apeluje w ostatnich latach do chi\u0144skich przedsi\u0119biorstw o pomoc i wsparcie rozwoju afryka\u0144skiego. Jako jeden z najbardziej profesjonalnych dostawc\u00f3w maszyn rolniczych w Chinach, nasza firma zdoby\u0142a du\u017ce do\u015bwiadczenie w dziedzinie maszyn rolniczych i opanowa\u0142a zaawansowan\u0105 technologi\u0119 podczas 70-letniego rozwoju. Pozytywnie reagujemy na polityk\u0119 rz\u0105du, bierzemy udzia\u0142 w wystawach, badamy rynek afryka\u0144ski i oferujemy nasze maszyny rolnicze w niskich cenach i wysokiej jako\u015bci. Pozostaniemy wierni naszej pierwotnej idei, aby pom\u00f3c rolnikom zbiera\u0107 wi\u0119cej zb\u00f3\u017c i rozwi\u0105za\u0107 problem \u017cywno\u015bci i rolnictwa. Kochamy \u015bwiat i pok\u00f3j, i d\u0105\u017cymy do jedno\u015bci w wsp\u00f3lnym wysi\u0142ku z przyjaci\u00f3\u0142mi z Afryki, aby tworzy\u0107 pi\u0119kne \u017cycie.<\/p>","protected":false},"excerpt":{"rendered":"<p>Our Company Location Zhengzhou Taizy Machinery Co., Ltd is a well-known enterprise that integrates scientific research, development, design, manufacturing, and sales as a whole. And it has taizy Machinery company. It is located in Zhengzhou Economic and Technological Development Zone, which is a commercial and economic center, mainly engaging in the import and export of [&hellip;]<\/p>\n","protected":false},"author":1,"featured_media":0,"parent":0,"menu_order":0,"comment_status":"closed","ping_status":"closed","template":"","meta":{"_crdt_document":"","footnotes":""},"class_list":["post-9","page","type-page","status-publish","hentry"],"_links":{"self":[{"href":"https:\/\/www.potatochipprocessing.com\/pl\/wp-json\/wp\/v2\/pages\/9","targetHints":{"allow":["GET"]}}],"collection":[{"href":"https:\/\/www.potatochipprocessing.com\/pl\/wp-json\/wp\/v2\/pages"}],"about":[{"href":"https:\/\/www.potatochipprocessing.com\/pl\/wp-json\/wp\/v2\/types\/page"}],"author":[{"embeddable":true,"href":"https:\/\/www.potatochipprocessing.com\/pl\/wp-json\/wp\/v2\/users\/1"}],"replies":[{"embeddable":true,"href":"https:\/\/www.potatochipprocessing.com\/pl\/wp-json\/wp\/v2\/comments?post=9"}],"version-history":[{"count":0,"href":"https:\/\/www.potatochipprocessing.com\/pl\/wp-json\/wp\/v2\/pages\/9\/revisions"}],"wp:attachment":[{"href":"https:\/\/www.potatochipprocessing.com\/pl\/wp-json\/wp\/v2\/media?parent=9"}],"curies":[{"name":"wp","href":"https:\/\/api.w.org\/{rel}","templated":true}]}}