{"id":9,"date":"2021-07-13T02:13:20","date_gmt":"2021-07-13T02:13:20","guid":{"rendered":"https:\/\/www.potatochipprocessing.com\/?page_id=9"},"modified":"2021-07-19T10:09:33","modified_gmt":"2021-07-19T10:09:33","slug":"about","status":"publish","type":"page","link":"https:\/\/www.potatochipprocessing.com\/nl\/about\/","title":{"rendered":"Over"},"content":{"rendered":"<p class=\"wp-block-paragraph translation-block\"><strong>Onze bedrijfslocatie<\/strong><\/p>        <p class=\"wp-block-paragraph\">Zhengzhou Taizy Machinery Co., Ltd is een bekend bedrijf dat wetenschap, ontwikkeling, ontwerp, productie en verkoop als geheel integreert. Het heeft ook Taizy Machinery. Het is gevestigd in de Zhengzhou Economische en Technologische Ontwikkelingszone, een commercieel en economisch centrum, dat zich voornamelijk bezighoudt met de import en export van mechanische apparatuur. Hier werken meer dan 300 medewerkers, allemaal gemotiveerd door de vreugde van samenwerken als een familie.<\/p>  <p class=\"translation-block\"><strong>Onze hoofdproducten en markt<\/strong><\/p>        <p class=\"wp-block-paragraph\">Onze hoofdproducten omvatten aardappel snijmachines, aardappelplakmachines, bellenreinigingsmachines, ontvettingsmachines, frituurmachines, doorlopende frituurmachines, drum aardappelchips kruidenmachines, dehydrators, borstelpeel- en wasmachines, enz. In de afgelopen jaren hebben onze producten grote populariteit genoten op de markten in Afrika en Zuidoost-Azi\u00eb, zoals Nigeria, Kenia, Zuid-Afrika, Ghana, Congo, Ethiopi\u00eb, Namibi\u00eb, Marokko, Botswana, Zimbabwe, Oeganda, Algerije, Kameroen.<\/p>        <p class=\"wp-block-paragraph translation-block\"><strong>Onze R&amp;D-capaciteit<\/strong><\/p>        <p class=\"wp-block-paragraph\">We geloven altijd sterk dat technologie een primaire productieve kracht is. Geleid door dit concept, investeren we veel in het aannemen van uitstekende mechanische experts als onze adviseurs, zodat we een uitstekende capaciteit hebben om nieuwe producten te onderzoeken en ontwikkelen en de kwaliteit van traditionele machines te verbeteren.<\/p>        <p class=\"wp-block-paragraph translation-block\"><strong>Onze QC en service<\/strong><\/p>        <p class=\"wp-block-paragraph\">We streven altijd naar uitmuntendheid. Dankzij een goed opgeleid personeel, een streng kwaliteitsborgingssysteem, geoptimaliseerd beheer van het hele productieproces en perfecte after-sales servicesystemen worden onze producten en diensten hoog gewaardeerd door binnenlandse en buitenlandse klanten. Gebaseerd op het principe van kwaliteit, goede reputatie en klant eerst, geloven wij in het cre\u00ebren van hoogwaardige producten binnen de relevante industrie\u00ebn en het leveren van uitstekende prestaties voor de komende jaren. We zetten ons volledig in om producten van topkwaliteit en bevredigende service te bieden aan alle klanten en kijken uit naar oprechte samenwerking voor een heldere toekomst. Ons bedrijf streeft ernaar te innoveren in de praktijk en een betrouwbare garantie te bieden van productie tot verkoop. Onze kwaliteitsverklaring komt neer op \u00e9\u00e9n woord \u2013 toewijding \u2013 aan landbouw, boeren en productconsumenten, die wij elke dag proberen te vervullen.<\/p>        <p class=\"wp-block-paragraph translation-block\"><strong>Onze doelen voor Afrika<\/strong><\/p>        <p class=\"wp-block-paragraph\">Sinds de Volksrepubliek China in 1949 werd opgericht, besteedt het altijd veel aandacht aan landbouw. Tegenwoordig is China een van de grootste landbouwlanden ter wereld. De Chinese overheid roept Chinese ondernemingen op om de ontwikkeling van Afrika te ondersteunen en te helpen in de afgelopen jaren. Als een van de meest professionele landbouwleveranciers in China heeft ons bedrijf veel ervaring met agro-machines en beheerst het geavanceerde technologie\u00ebn tijdens de ontwikkeling van 70 jaar. We reageren positief op het beleid van de overheid en nemen deel aan beurzen, onderzoeken de Afrikaanse markt en bieden onze agro-machines aan tegen lage prijzen en hoge kwaliteit. We blijven onze eerste ambitie trouw: boeren helpen meer graan te oogsten en het voedsel- en landbouwprobleem op te lossen. We houden van de wereld en vrede en streven naar eenheid in een gezamenlijke inspanning met Afrikaanse vrienden om een mooi leven te cre\u00ebren.<\/p>","protected":false},"excerpt":{"rendered":"<p>Our Company Location Zhengzhou Taizy Machinery Co., Ltd is a well-known enterprise that integrates scientific research, development, design, manufacturing, and sales as a whole. And it has taizy Machinery company. It is located in Zhengzhou Economic and Technological Development Zone, which is a commercial and economic center, mainly engaging in the import and export of [&hellip;]<\/p>\n","protected":false},"author":1,"featured_media":0,"parent":0,"menu_order":0,"comment_status":"closed","ping_status":"closed","template":"","meta":{"_crdt_document":"","footnotes":""},"class_list":["post-9","page","type-page","status-publish","hentry"],"_links":{"self":[{"href":"https:\/\/www.potatochipprocessing.com\/nl\/wp-json\/wp\/v2\/pages\/9","targetHints":{"allow":["GET"]}}],"collection":[{"href":"https:\/\/www.potatochipprocessing.com\/nl\/wp-json\/wp\/v2\/pages"}],"about":[{"href":"https:\/\/www.potatochipprocessing.com\/nl\/wp-json\/wp\/v2\/types\/page"}],"author":[{"embeddable":true,"href":"https:\/\/www.potatochipprocessing.com\/nl\/wp-json\/wp\/v2\/users\/1"}],"replies":[{"embeddable":true,"href":"https:\/\/www.potatochipprocessing.com\/nl\/wp-json\/wp\/v2\/comments?post=9"}],"version-history":[{"count":0,"href":"https:\/\/www.potatochipprocessing.com\/nl\/wp-json\/wp\/v2\/pages\/9\/revisions"}],"wp:attachment":[{"href":"https:\/\/www.potatochipprocessing.com\/nl\/wp-json\/wp\/v2\/media?parent=9"}],"curies":[{"name":"wp","href":"https:\/\/api.w.org\/{rel}","templated":true}]}}