{"id":9,"date":"2021-07-13T02:13:20","date_gmt":"2021-07-13T02:13:20","guid":{"rendered":"https:\/\/www.potatochipprocessing.com\/?page_id=9"},"modified":"2021-07-19T10:09:33","modified_gmt":"2021-07-19T10:09:33","slug":"about","status":"publish","type":"page","link":"https:\/\/www.potatochipprocessing.com\/fr\/about\/","title":{"rendered":"\u00c0 propos"},"content":{"rendered":"<p class=\"wp-block-paragraph translation-block\"><strong>Notre emplacement<\/strong><\/p>        <p class=\"wp-block-paragraph\">Zhengzhou Taizy Machinery Co., Ltd est une entreprise bien connue qui int\u00e8gre la recherche scientifique, le d\u00e9veloppement, la conception, la fabrication et la vente dans son ensemble. Et il a la soci\u00e9t\u00e9 Taizy Machinery. Il est situ\u00e9 dans la zone de d\u00e9veloppement \u00e9conomique et technologique de Zhengzhou, qui est un centre commercial et \u00e9conomique, principalement engag\u00e9 dans l'importation et l'exportation d'\u00e9quipements m\u00e9caniques. Ici, c'est plus de 300 collaborateurs motiv\u00e9s par le plaisir de travailler en famille.<\/p>  <p class=\"translation-block\"><strong>Nos principaux produits et march\u00e9s<\/strong><\/p>        <p class=\"wp-block-paragraph\">Nos principaux produits comprennent une machine de d\u00e9coupe de pommes de terre, une trancheuse de pommes de terre, une machine de nettoyage \u00e0 bulles, une machine de d\u00e9shuilage, une machine \u00e0 frire, une friteuse continue, une machine d'assaisonnement de chips \u00e0 tambour, un d\u00e9shydrateur, une machine \u00e0 \u00e9plucher et \u00e0 laver les brosses, etc. Ces derni\u00e8res ann\u00e9es, nos produits ont appr\u00e9ci\u00e9 grande popularit\u00e9 sur les march\u00e9s d'Afrique et d'Asie du Sud-Est, comme le Nigeria, le Kenya, l'Afrique du Sud, le Ghana, le Congo, l'\u00c9thiopie, la Namibie, le Maroc, le Botswana, le Zimbabwe, l'Ouganda, l'Alg\u00e9rie et le Cameroun.<\/p>        <p class=\"wp-block-paragraph translation-block\"><strong>Notre capacit\u00e9 R&amp;D<\/strong><\/p>        <p class=\"wp-block-paragraph\">Nous croyons toujours fermement que la technologie est une force productive primordiale. Guid\u00e9s par un tel concept, nous avons investi beaucoup d\u2019argent dans l\u2019embauche de nombreux experts en m\u00e9canique exceptionnels en tant que consultants, nous avons donc une excellente capacit\u00e9 \u00e0 rechercher et d\u00e9velopper de nouveaux produits et \u00e0 am\u00e9liorer la qualit\u00e9 des machines traditionnelles.<\/p>        <p class=\"wp-block-paragraph translation-block\"><strong>Notre QC et service<\/strong><\/p>        <p class=\"wp-block-paragraph\">Nous visons toujours l\u2019excellence. Gr\u00e2ce \u00e0 une main-d'\u0153uvre bien form\u00e9e, un syst\u00e8me d'assurance qualit\u00e9 strict, une gestion optimis\u00e9e de l'ensemble du processus de production et des syst\u00e8mes de service apr\u00e8s-vente parfaits, nos produits et services sont tr\u00e8s appr\u00e9ci\u00e9s par les clients nationaux et \u00e9trangers. Bas\u00e9 sur le principe de la qualit\u00e9, de la bonne r\u00e9putation et du client d'abord, nous sommes convaincus de cr\u00e9er des produits de haute qualit\u00e9 parmi les industries concern\u00e9es et d'offrir d'excellentes performances depuis des lustres. Nous nous engageons grandement \u00e0 fournir des produits de qualit\u00e9 sup\u00e9rieure et un service satisfaisant \u00e0 tous les clients et attendons avec impatience une coop\u00e9ration sinc\u00e8re avec eux pour un avenir radieux. Notre entreprise vise \u00e0 innover dans la pratique et \u00e0 fournir une garantie fiable de la production \u00e0 la vente. Notre d\u00e9claration de qualit\u00e9 se r\u00e9sume en un seul mot \u2013 engagement \u2013 \u200b\u200benvers l\u2019agriculture, les agriculteurs et les consommateurs de produits, que nous nous effor\u00e7ons de respecter chaque jour.<\/p>        <p class=\"wp-block-paragraph translation-block\"><strong>Nos objectifs pour l'Afrique<\/strong><\/p>        <p class=\"wp-block-paragraph\">Depuis la cr\u00e9ation de la R\u00e9publique populaire de Chine en 1949, elle a toujours accord\u00e9 une grande attention \u00e0 l\u2019agriculture. La Chine est aujourd\u2019hui l\u2019un des plus grands pays agricoles du monde. Le gouvernement chinois appelle les entreprises chinoises \u00e0 aider et \u00e0 soutenir le d\u00e9veloppement de l'Afrique ces derni\u00e8res ann\u00e9es. En tant que l'un des fournisseurs agricoles les plus professionnels en Chine, notre soci\u00e9t\u00e9 poss\u00e8de une grande exp\u00e9rience dans le domaine des machines agricoles et ma\u00eetrise la technologie de pointe au cours de son d\u00e9veloppement depuis 70 ans. Nous r\u00e9pondons positivement \u00e0 la politique du gouvernement et participons \u00e0 l\u2019exposition, enqu\u00eatant sur le march\u00e9 africain et en fournissant nos machines agricoles \u00e0 bas prix et de haute qualit\u00e9. Nous resterons notre premi\u00e8re aspiration \u00e0 aider les agriculteurs \u00e0 r\u00e9colter davantage de c\u00e9r\u00e9ales et \u00e0 r\u00e9soudre le probl\u00e8me de l'alimentation et de l'agriculture. Nous aimons le monde et la paix et visons \u00e0 nous unir dans un effort concert\u00e9 avec des amis africains pour cr\u00e9er une belle vie.<\/p>","protected":false},"excerpt":{"rendered":"<p>Our Company Location Zhengzhou Taizy Machinery Co., Ltd is a well-known enterprise that integrates scientific research, development, design, manufacturing, and sales as a whole. And it has taizy Machinery company. It is located in Zhengzhou Economic and Technological Development Zone, which is a commercial and economic center, mainly engaging in the import and export of [&hellip;]<\/p>\n","protected":false},"author":1,"featured_media":0,"parent":0,"menu_order":0,"comment_status":"closed","ping_status":"closed","template":"","meta":{"_crdt_document":"","footnotes":""},"class_list":["post-9","page","type-page","status-publish","hentry"],"_links":{"self":[{"href":"https:\/\/www.potatochipprocessing.com\/fr\/wp-json\/wp\/v2\/pages\/9","targetHints":{"allow":["GET"]}}],"collection":[{"href":"https:\/\/www.potatochipprocessing.com\/fr\/wp-json\/wp\/v2\/pages"}],"about":[{"href":"https:\/\/www.potatochipprocessing.com\/fr\/wp-json\/wp\/v2\/types\/page"}],"author":[{"embeddable":true,"href":"https:\/\/www.potatochipprocessing.com\/fr\/wp-json\/wp\/v2\/users\/1"}],"replies":[{"embeddable":true,"href":"https:\/\/www.potatochipprocessing.com\/fr\/wp-json\/wp\/v2\/comments?post=9"}],"version-history":[{"count":0,"href":"https:\/\/www.potatochipprocessing.com\/fr\/wp-json\/wp\/v2\/pages\/9\/revisions"}],"wp:attachment":[{"href":"https:\/\/www.potatochipprocessing.com\/fr\/wp-json\/wp\/v2\/media?parent=9"}],"curies":[{"name":"wp","href":"https:\/\/api.w.org\/{rel}","templated":true}]}}