{"id":9,"date":"2021-07-13T02:13:20","date_gmt":"2021-07-13T02:13:20","guid":{"rendered":"https:\/\/www.potatochipprocessing.com\/?page_id=9"},"modified":"2021-07-19T10:09:33","modified_gmt":"2021-07-19T10:09:33","slug":"about","status":"publish","type":"page","link":"https:\/\/www.potatochipprocessing.com\/es\/about\/","title":{"rendered":"Acerca de"},"content":{"rendered":"<p class=\"wp-block-paragraph translation-block\"><strong>Nuestra Ubicaci\u00f3n de la Compa\u00f1\u00eda<\/strong><\/p>        <p class=\"wp-block-paragraph\">Zhengzhou Taizy Machinery Co., Ltd es una empresa reconocida que integra investigaci\u00f3n cient\u00edfica, desarrollo, dise\u00f1o, fabricaci\u00f3n y ventas en su conjunto. Y cuenta con la empresa Taizy Machinery. Est\u00e1 ubicada en la Zona de Desarrollo Econ\u00f3mico y Tecnol\u00f3gico de Zhengzhou, que es un centro comercial y econ\u00f3mico que se dedica principalmente a la importaci\u00f3n y exportaci\u00f3n de equipos mec\u00e1nicos. Aqu\u00ed cuenta con m\u00e1s de 300 empleados todos motivados con la alegr\u00eda de trabajar en familia.<\/p>  <p class=\"translation-block\"><strong>Nuestros Productos y Mercado Principales<\/strong><\/p>        <p class=\"wp-block-paragraph\">Nuestros productos principales incluyen la m\u00e1quina cortadora de patatas, la m\u00e1quina cortadora de patatas, la m\u00e1quina limpiadora de burbujas, la m\u00e1quina desaceitadora, la freidora, la freidora continua, la m\u00e1quina sazonadora de patatas fritas en tambor, el deshidratador, la peladora y lavadora con cepillo, etc. En los \u00faltimos a\u00f1os, nuestros productos han disfrutado gran popularidad en los mercados de \u00c1frica y el Sudeste Asi\u00e1tico, como Nigeria, Kenia, Sud\u00e1frica, Ghana, Congo, Etiop\u00eda, Namibia, Marruecos, Botswana, Zimbabwe, Uganda, Argelia, Camer\u00fan.<\/p>        <p class=\"wp-block-paragraph translation-block\"><strong>Nuestra Capacidad de I+D<\/strong><\/p>        <p class=\"wp-block-paragraph\">Siempre creemos firmemente que la tecnolog\u00eda es una fuerza productiva primaria. Guiados por este concepto, hemos invertido mucho en contratar a muchos destacados expertos mec\u00e1nicos como nuestros consultores, por lo que tenemos una excelente capacidad para investigar y desarrollar nuevos productos y mejorar la calidad de la maquinaria tradicional.<\/p>        <p class=\"wp-block-paragraph translation-block\"><strong>Nuestro Aseguramiento de la Calidad y Servicio<\/strong><\/p>        <p class=\"wp-block-paragraph\">Siempre nos esforzamos por la excelencia. Gracias a una fuerza laboral bien capacitada, un estricto sistema de garant\u00eda de calidad, una gesti\u00f3n optimizada de todo el proceso de producci\u00f3n y unos perfectos sistemas de servicio posventa, nuestros productos y servicios son muy elogiados por clientes nacionales y extranjeros. Bas\u00e1ndonos en el principio de orientaci\u00f3n a la calidad, buena reputaci\u00f3n y el cliente primero, confiamos en crear productos de alta calidad entre las industrias relevantes y lograr un excelente desempe\u00f1o durante a\u00f1os. Estamos muy dedicados a brindar productos de primera calidad y un servicio satisfactorio a todos los clientes y esperamos cooperar sinceramente con ellos para un futuro brillante. Nuestra empresa tiene como objetivo innovar en la pr\u00e1ctica y proporcionar una garant\u00eda confiable desde la producci\u00f3n hasta la venta. Nuestra declaraci\u00f3n de calidad se reduce a una sola palabra \u2013compromiso\u2013 con la agricultura, los agricultores y los consumidores de productos, que nos esforzamos por cumplir cada d\u00eda.<\/p>        <p class=\"wp-block-paragraph translation-block\"><strong>Nuestros Objetivos para \u00c1frica<\/strong><\/p>        <p class=\"wp-block-paragraph\">Desde que se construy\u00f3 la Rep\u00fablica Popular China en 1949, siempre se ha prestado mucha atenci\u00f3n a la agricultura. Hoy en d\u00eda China ha sido uno de los pa\u00edses agr\u00edcolas m\u00e1s grandes del mundo. El gobierno chino pide a las empresas chinas que ayuden y apoyen el desarrollo africano en los \u00faltimos a\u00f1os. Como uno de los proveedores agr\u00edcolas m\u00e1s profesionales de China, nuestra empresa tiene mucha experiencia en m\u00e1quinas agr\u00edcolas y domina la tecnolog\u00eda avanzada durante el desarrollo durante 70 a\u00f1os. Respondemos positivamente a la pol\u00edtica del gobierno y participamos en la exposici\u00f3n, investigando el mercado africano y ofreciendo nuestras m\u00e1quinas agr\u00edcolas con precios bajos y alta calidad. Nuestra primera aspiraci\u00f3n seguir\u00e1 siendo ayudar a los agricultores a cosechar m\u00e1s cereales y resolver el problema de la alimentaci\u00f3n y la agricultura. Amamos el mundo y la paz y aspiramos a la unidad en un esfuerzo concertado con amigos africanos para crear una vida hermosa.<\/p>","protected":false},"excerpt":{"rendered":"<p>Our Company Location Zhengzhou Taizy Machinery Co., Ltd is a well-known enterprise that integrates scientific research, development, design, manufacturing, and sales as a whole. And it has taizy Machinery company. It is located in Zhengzhou Economic and Technological Development Zone, which is a commercial and economic center, mainly engaging in the import and export of [&hellip;]<\/p>\n","protected":false},"author":1,"featured_media":0,"parent":0,"menu_order":0,"comment_status":"closed","ping_status":"closed","template":"","meta":{"_crdt_document":"","footnotes":""},"class_list":["post-9","page","type-page","status-publish","hentry"],"_links":{"self":[{"href":"https:\/\/www.potatochipprocessing.com\/es\/wp-json\/wp\/v2\/pages\/9","targetHints":{"allow":["GET"]}}],"collection":[{"href":"https:\/\/www.potatochipprocessing.com\/es\/wp-json\/wp\/v2\/pages"}],"about":[{"href":"https:\/\/www.potatochipprocessing.com\/es\/wp-json\/wp\/v2\/types\/page"}],"author":[{"embeddable":true,"href":"https:\/\/www.potatochipprocessing.com\/es\/wp-json\/wp\/v2\/users\/1"}],"replies":[{"embeddable":true,"href":"https:\/\/www.potatochipprocessing.com\/es\/wp-json\/wp\/v2\/comments?post=9"}],"version-history":[{"count":0,"href":"https:\/\/www.potatochipprocessing.com\/es\/wp-json\/wp\/v2\/pages\/9\/revisions"}],"wp:attachment":[{"href":"https:\/\/www.potatochipprocessing.com\/es\/wp-json\/wp\/v2\/media?parent=9"}],"curies":[{"name":"wp","href":"https:\/\/api.w.org\/{rel}","templated":true}]}}