{"id":9,"date":"2021-07-13T02:13:20","date_gmt":"2021-07-13T02:13:20","guid":{"rendered":"https:\/\/www.potatochipprocessing.com\/?page_id=9"},"modified":"2021-07-19T10:09:33","modified_gmt":"2021-07-19T10:09:33","slug":"about","status":"publish","type":"page","link":"https:\/\/www.potatochipprocessing.com\/de\/about\/","title":{"rendered":"Um"},"content":{"rendered":"<p class=\"wp-block-paragraph translation-block\"><strong>Unser Unternehmensstandort<\/strong><\/p>        <p class=\"wp-block-paragraph\">Zhengzhou Taizy Machinery Co., Ltd ist ein bekanntes Unternehmen, das wissenschaftliche Forschung, Entwicklung, Design, Fertigung und Vertrieb als Ganzes integriert. Und es gibt eine Taizy Machinery-Firma. Es befindet sich in der Zhengzhou Economic and Technological Development Zone, einem Handels- und Wirtschaftszentrum, das sich haupts\u00e4chlich mit dem Import und Export von mechanischer Ausr\u00fcstung besch\u00e4ftigt. Hier sind mehr als 300 Mitarbeiter besch\u00e4ftigt, die alle mit der Freude an der Arbeit als Familie motiviert sind.<\/p>  <p class=\"translation-block\"><strong>Unsere Hauptprodukte und unser Markt<\/strong><\/p>        <p class=\"wp-block-paragraph\">Zu unseren Hauptprodukten geh\u00f6ren Kartoffelschneidemaschinen, Kartoffelschneidemaschinen, Blasenreinigungsmaschinen, Ent\u00f6lungsmaschinen, Frittiermaschinen, Durchlauffritteusen, Trommelkartoffelchips-Gew\u00fcrzmaschinen, D\u00f6rrger\u00e4te, B\u00fcrstensch\u00e4l- und Waschmaschinen usw. In den letzten Jahren erfreuten sich unsere Produkte gro\u00dfer Beliebtheit gro\u00dfe Beliebtheit in afrikanischen und s\u00fcdostasiatischen M\u00e4rkten, wie Nigeria, Kenia, S\u00fcdafrika, Ghana, Kongo, \u00c4thiopien, Namibia, Marokko, Botswana, Simbabwe, Uganda, Algerien, Kamerun.<\/p>        <p class=\"wp-block-paragraph translation-block\"><strong>Unsere F&amp;E-F\u00e4higkeit<\/strong><\/p>        <p class=\"wp-block-paragraph\">Wir sind stets davon \u00fcberzeugt, dass Technologie eine prim\u00e4re Produktivkraft ist. Geleitet von einem solchen Konzept haben wir gro\u00dfe Investitionen in die Einstellung vieler herausragender mechanischer Experten als unsere Berater get\u00e4tigt, sodass wir \u00fcber hervorragende F\u00e4higkeiten verf\u00fcgen, neue Produkte zu erforschen und zu entwickeln und die Qualit\u00e4t traditioneller Maschinen zu verbessern.<\/p>        <p class=\"wp-block-paragraph translation-block\"><strong>Unsere QS und unser Service<\/strong><\/p>        <p class=\"wp-block-paragraph\">Wir streben stets nach Exzellenz. Dank einer gut ausgebildeten Belegschaft, einem strengen Qualit\u00e4tssicherungssystem, einem optimierten Management des gesamten Produktionsprozesses und perfekten Kundendienstsystemen werden unsere Produkte und Dienstleistungen von in- und ausl\u00e4ndischen Kunden hoch gelobt. Basierend auf dem Grundsatz der Qualit\u00e4tsorientierung, des guten Rufs und der Kundenorientierung sind wir davon \u00fcberzeugt, qualitativ hochwertige Produkte in den relevanten Branchen zu entwickeln und \u00fcber lange Zeit hinweg hervorragende Leistungen zu erbringen. Wir legen gro\u00dfen Wert darauf, allen Kunden erstklassige Produkte und einen zufriedenstellenden Service zu bieten, und freuen uns auf eine vertrauensvolle Zusammenarbeit mit ihnen f\u00fcr eine gl\u00e4nzende Zukunft. Unser Unternehmen ist bestrebt, in der Praxis Innovationen voranzutreiben und eine zuverl\u00e4ssige Garantie von der Produktion bis zum Verkauf zu bieten. Unsere Qualit\u00e4tsaussage l\u00e4uft auf ein einziges Wort hinaus: Engagement gegen\u00fcber der Landwirtschaft, den Landwirten und den Produktkonsumenten, dem wir jeden Tag nachkommen wollen.<\/p>        <p class=\"wp-block-paragraph translation-block\"><strong>Unsere Ziele f\u00fcr Afrika<\/strong><\/p>        <p class=\"wp-block-paragraph\">Seit der Gr\u00fcndung der Volksrepublik China im Jahr 1949 wird der Landwirtschaft stets gro\u00dfe Aufmerksamkeit gewidmet. Heutzutage ist China eines der gr\u00f6\u00dften Agrarl\u00e4nder der Welt. Die chinesische Regierung fordert chinesische Unternehmen auf, die Entwicklung Afrikas in den letzten Jahren zu unterst\u00fctzen und zu unterst\u00fctzen. Als einer der professionellsten Landwirtschaftslieferanten in China verf\u00fcgt unser Unternehmen \u00fcber 70 Jahre Erfahrung mit landwirtschaftlichen Maschinen und beherrscht fortschrittliche Technologie w\u00e4hrend der Entwicklung. Wir reagieren positiv auf die Politik der Regierung und nehmen an der Ausstellung teil, untersuchen den afrikanischen Markt und bieten unsere Landmaschinen zu niedrigen Preisen und hoher Qualit\u00e4t an. Unser oberstes Ziel bleibt es, den Landwirten dabei zu helfen, mehr Getreide zu ernten und das Ern\u00e4hrungs- und Landwirtschaftsproblem zu l\u00f6sen. Wir lieben die Welt und den Frieden und streben danach, gemeinsam mit afrikanischen Freunden ein sch\u00f6nes Leben zu schaffen.<\/p>","protected":false},"excerpt":{"rendered":"<p>Our Company Location Zhengzhou Taizy Machinery Co., Ltd is a well-known enterprise that integrates scientific research, development, design, manufacturing, and sales as a whole. And it has taizy Machinery company. It is located in Zhengzhou Economic and Technological Development Zone, which is a commercial and economic center, mainly engaging in the import and export of [&hellip;]<\/p>\n","protected":false},"author":1,"featured_media":0,"parent":0,"menu_order":0,"comment_status":"closed","ping_status":"closed","template":"","meta":{"_crdt_document":"","footnotes":""},"class_list":["post-9","page","type-page","status-publish","hentry"],"_links":{"self":[{"href":"https:\/\/www.potatochipprocessing.com\/de\/wp-json\/wp\/v2\/pages\/9","targetHints":{"allow":["GET"]}}],"collection":[{"href":"https:\/\/www.potatochipprocessing.com\/de\/wp-json\/wp\/v2\/pages"}],"about":[{"href":"https:\/\/www.potatochipprocessing.com\/de\/wp-json\/wp\/v2\/types\/page"}],"author":[{"embeddable":true,"href":"https:\/\/www.potatochipprocessing.com\/de\/wp-json\/wp\/v2\/users\/1"}],"replies":[{"embeddable":true,"href":"https:\/\/www.potatochipprocessing.com\/de\/wp-json\/wp\/v2\/comments?post=9"}],"version-history":[{"count":0,"href":"https:\/\/www.potatochipprocessing.com\/de\/wp-json\/wp\/v2\/pages\/9\/revisions"}],"wp:attachment":[{"href":"https:\/\/www.potatochipprocessing.com\/de\/wp-json\/wp\/v2\/media?parent=9"}],"curies":[{"name":"wp","href":"https:\/\/api.w.org\/{rel}","templated":true}]}}