{"id":9,"date":"2021-07-13T02:13:20","date_gmt":"2021-07-13T02:13:20","guid":{"rendered":"https:\/\/www.potatochipprocessing.com\/?page_id=9"},"modified":"2021-07-19T10:09:33","modified_gmt":"2021-07-19T10:09:33","slug":"about","status":"publish","type":"page","link":"https:\/\/www.potatochipprocessing.com\/af\/about\/","title":{"rendered":"Oor"},"content":{"rendered":"<p class=\"wp-block-paragraph translation-block\"><strong>Ons Maatskappy Ligging<\/strong><\/p>        <p class=\"wp-block-paragraph\">Zhengzhou Taizy Masjinerie Maatskappy, Ltd is 'n goedbekende onderneming wat wetenskaplike navorsing, ontwikkeling, ontwerp, vervaardiging en verkope as 'n geheel integreer. En dit het Taizy Masjinerie maatskappy. Dit is gele\u00eb in Zhengzhou Ekonomiese en Tegnologiese Ontwikkelingsone, wat 'n kommersi\u00eble en ekonomiese sentrum is, hoofsaaklik betrokke by die invoer en uitvoer van meganiese toerusting. Hier word meer as 300 werknemers bemagtig, almal gemotiveer deur die vreugde om as 'n familie te werk.<\/p>  <p class=\"translation-block\"><strong>Ons Hoofprodukte en Mark<\/strong><\/p>        <p class=\"wp-block-paragraph\">Ons hoofprodukte sluit in Aardappel snymasjien, Aardappel Snymasjien, Bubbelskoonmaakmasjien, Deoiling Masjien, Braai masjien, Kontinu- braai masjien, Drom Aardappel Chips Geurmasjien, Dehidreerder, Borstel-skraap- en wasmasjien, ens. In onlangse jare het ons produkte groot gewildheid in Afrika en Suidoos-Asi\u00eb markte geniet, soos Nigeri\u00eb, Kenia, Suid-Afrika, Ghana, Kongo, Ethiopi\u00eb, Namibi\u00eb, Marokko, Botswana, Zimbabwe, Uganda, Algeri\u00eb, Kameroon.<\/p>        <p class=\"wp-block-paragraph translation-block\"><strong>Ons R&amp;D Vermo\u00eb<\/strong><\/p>        <p class=\"wp-block-paragraph\">Ons glo altyd vas dat tegnologie 'n prim\u00eare produktiewe krag is. Gelei deur so 'n konsep, het ons groot beleggings gedoen in die aanstelling van baie uitstaande meganiese kundiges as ons konsultante, sodat ons 'n uitstekende vermo\u00eb het om nuwe produkte te ondersoek en te ontwikkel en die kwaliteit van tradisionele masjinerie te verbeter.<\/p>        <p class=\"wp-block-paragraph translation-block\"><strong>Ons QC en Diens<\/strong><\/p>        <p class=\"wp-block-paragraph\">Ons streef altyd na uitnemendheid. Danksy 'n goed opgeleide werksmag, streng kwaliteitversekeringsstelsel, geoptimaliseerde bestuur van die hele produksieproses, en volmaakte after-sales diensstelsels, word ons produkte en diens hoog aangeskryf deur plaaslike en oorsese kli\u00ebnte. Gebaseer op die beginsel van kwaliteit-geori\u00ebnteerd, goeie reputasie, en kli\u00ebnt-eers, hou ons geloof om ho\u00eb kwaliteit produkte te skep in die betrokke bedrywe en 'n groot prestasie te lewer vir jare. Ons is baie toegewyd aan die verskaffing van topgehalte produkte en bevredigende diens aan alle kli\u00ebnte en sien uit na opregte samewerking met hulle vir 'n blink toekoms. Ons maatskappy streef daarna om te innoveer in die praktyk en 'n betroubare waarborg te bied van produksie tot verkoop. Ons kwaliteitverklaring kom neer op 'n enkele woord \u2013 toewyding \u2013 aan landbou, boere, en produkverbruikers, wat ons elke dag poog om te vervul.<\/p>        <p class=\"wp-block-paragraph translation-block\"><strong>Ons Doelwitte vir Afrika<\/strong><\/p>        <p class=\"wp-block-paragraph\">Sedert die Volksrepubliek China in 1949 gestig is, het dit altyd baie aandag aan landbou gegee. Vandag is China een van die grootste landboulande in die w\u00eareld. Die Chinese regering roep Chinese ondernemings op om Afrika-ontwikkeling te ondersteun en te ondersteun in die afgelope jare. As een van die mees professionele landbouverskaffers in China, het ons maatskappy baie ervaring opgedoen met landboumasjiene en het gevorderde tegnologie bemeester tydens die ontwikkeling van 70 jaar. Ons reageer positief op die regering se beleid en neem deel aan die uitstallings, ondersoek die Afrika-mark en voorsien ons landboumasjiene teen lae pryse en ho\u00eb kwaliteit. Ons sal ons eerste aspirasie behou om boere te help om meer graan te oes en die Voedsel- en Landbou-probleem op te los. Ons hou van die w\u00eareld en vrede en mik daarna om in 'n samewerking met Afrikaanse vriende 'n mooi lewe te skep.<\/p>","protected":false},"excerpt":{"rendered":"<p>Our Company Location Zhengzhou Taizy Machinery Co., Ltd is a well-known enterprise that integrates scientific research, development, design, manufacturing, and sales as a whole. And it has taizy Machinery company. It is located in Zhengzhou Economic and Technological Development Zone, which is a commercial and economic center, mainly engaging in the import and export of [&hellip;]<\/p>\n","protected":false},"author":1,"featured_media":0,"parent":0,"menu_order":0,"comment_status":"closed","ping_status":"closed","template":"","meta":{"_crdt_document":"","footnotes":""},"class_list":["post-9","page","type-page","status-publish","hentry"],"_links":{"self":[{"href":"https:\/\/www.potatochipprocessing.com\/af\/wp-json\/wp\/v2\/pages\/9","targetHints":{"allow":["GET"]}}],"collection":[{"href":"https:\/\/www.potatochipprocessing.com\/af\/wp-json\/wp\/v2\/pages"}],"about":[{"href":"https:\/\/www.potatochipprocessing.com\/af\/wp-json\/wp\/v2\/types\/page"}],"author":[{"embeddable":true,"href":"https:\/\/www.potatochipprocessing.com\/af\/wp-json\/wp\/v2\/users\/1"}],"replies":[{"embeddable":true,"href":"https:\/\/www.potatochipprocessing.com\/af\/wp-json\/wp\/v2\/comments?post=9"}],"version-history":[{"count":0,"href":"https:\/\/www.potatochipprocessing.com\/af\/wp-json\/wp\/v2\/pages\/9\/revisions"}],"wp:attachment":[{"href":"https:\/\/www.potatochipprocessing.com\/af\/wp-json\/wp\/v2\/media?parent=9"}],"curies":[{"name":"wp","href":"https:\/\/api.w.org\/{rel}","templated":true}]}}